{"id":70,"date":"2024-04-19T13:28:51","date_gmt":"2024-04-19T13:28:51","guid":{"rendered":"https:\/\/gpcwellnessworkshops.com\/?page_id=70"},"modified":"2024-04-22T18:47:19","modified_gmt":"2024-04-22T18:47:19","slug":"slide-8","status":"publish","type":"page","link":"https:\/\/gpcwellnessworkshops.com\/fr\/slide-8\/","title":{"rendered":"Diapositive 8"},"content":{"rendered":"<p>[et_pb_section fb_built=&#8221;1&#8243; _builder_version=&#8221;4.25.0&#8243; _module_preset=&#8221;default&#8221; custom_padding=&#8221;0px||65px||false|false&#8221; global_colors_info=&#8221;{}&#8221;][et_pb_row _builder_version=&#8221;4.25.0&#8243; _module_preset=&#8221;default&#8221; custom_padding=&#8221;0px||0px||false|false&#8221; global_colors_info=&#8221;{}&#8221;][et_pb_column type=&#8221;4_4&#8243; _builder_version=&#8221;4.25.0&#8243; _module_preset=&#8221;default&#8221; global_colors_info=&#8221;{}&#8221;][et_pb_heading title=&#8221;CHRONIC STRESS&#8221; _builder_version=&#8221;4.25.0&#8243; _module_preset=&#8221;20215759-db85-4eba-b425-c31d626c80e2&#8243; global_colors_info=&#8221;{}&#8221;][\/et_pb_heading][\/et_pb_column][\/et_pb_row][et_pb_row custom_padding_last_edited=&#8221;on|phone&#8221; _builder_version=&#8221;4.25.0&#8243; _module_preset=&#8221;default&#8221; background_color=&#8221;#FFFFFF&#8221; use_background_color_gradient=&#8221;on&#8221; background_color_gradient_stops=&#8221;#b4dbd0 0%|#ffffff 97%&#8221; custom_padding=&#8221;|3.7em||3.7em|false|true&#8221; custom_padding_tablet=&#8221;|1.7em||1.7em|false|true&#8221; custom_padding_phone=&#8221;|1.7em||1.7em|false|true&#8221; global_colors_info=&#8221;{}&#8221;][et_pb_column type=&#8221;4_4&#8243; _builder_version=&#8221;4.25.0&#8243; _module_preset=&#8221;default&#8221; custom_padding=&#8221;||||false|false&#8221; custom_padding_tablet=&#8221;|10px||10px|false|false&#8221; custom_padding_phone=&#8221;|0px||0px|false|false&#8221; custom_padding_last_edited=&#8221;on|desktop&#8221; global_colors_info=&#8221;{}&#8221;][et_pb_text _builder_version=&#8221;4.25.0&#8243; _module_preset=&#8221;26d33934-52df-4a9a-a939-4a8cd90c2eca&#8221; header_2_font_size=&#8221;32px&#8221; global_colors_info=&#8221;{}&#8221;]<\/p>\n<h2>Stress chronique<\/h2>\n<p>Le stress chronique est la r\u00e9ponse de votre organisme \u00e0 des exigences de faible intensit\u00e9 qui vous menacent quotidiennement. Souvent, le stress chronique se d\u00e9veloppe sous la pression d'essayer de r\u00e9pondre \u00e0 toutes ses propres attentes, comme travailler plusieurs fois pour joindre les deux bouts, arriver \u00e0 l'heure, se disputer avec un proche ou s'engager de mani\u00e8re excessive dans des activit\u00e9s ou des charges de travail.<\/p>\n<h3>Exemples de sympt\u00f4mes<\/h3>\n<p>Les sympt\u00f4mes physiques sont les suivants : Acc\u00e9l\u00e9ration du rythme cardiaque, difficult\u00e9s \u00e0 dormir, tension musculaire, oppression ou g\u00eane thoracique.<\/p>\n<p>Les sympt\u00f4mes \u00e9motionnels sont les suivants : Anxi\u00e9t\u00e9, irritabilit\u00e9, changements dans les habitudes de sommeil, changements d'app\u00e9tit, difficult\u00e9s de concentration.<\/p>\n<p>S'il n'est pas trait\u00e9, le stress chronique peut entra\u00eener de graves probl\u00e8mes de sant\u00e9 tels que des maladies cardiaques, le diab\u00e8te, une baisse du syst\u00e8me immunitaire, le syndrome du c\u00f4lon irritable et des probl\u00e8mes digestifs.<\/p>\n<h3>Traitements et pr\u00e9vention<\/h3>\n<p>Pour traiter au mieux le stress chronique, le plus efficace est de trouver des moyens de r\u00e9duire votre r\u00e9action \u00e9motionnelle. Vous pouvez y parvenir par une s\u00e9rie de techniques de relaxation, diff\u00e9rents types de th\u00e9rapies et la recherche d'une aide professionnelle. En outre, vous pouvez contribuer \u00e0 pr\u00e9venir l'apparition du stress chronique en vous fixant des objectifs plus r\u00e9alistes, en adoptant une alimentation saine et un programme d'exercice physique r\u00e9gulier, en b\u00e9n\u00e9ficiant d'un sommeil de qualit\u00e9 et en vous appuyant sur un syst\u00e8me de soutien solide.<\/p>\n<p>&nbsp;<\/p>\n<p>[\/et_pb_text][\/et_pb_column][\/et_pb_row][et_pb_row column_structure=&#8221;1_3,1_3,1_3&#8243; custom_padding_last_edited=&#8221;on|tablet&#8221; _builder_version=&#8221;4.25.0&#8243; _module_preset=&#8221;default&#8221; custom_padding_tablet=&#8221;&#8221; custom_padding_phone=&#8221;&#8221; locked=&#8221;off&#8221; global_colors_info=&#8221;{}&#8221; custom_css_main_element_last_edited=&#8221;on|phone&#8221; custom_css_main_element_tablet=&#8221;display: flex;&#8221; custom_css_main_element_phone=&#8221;display: flex;||flex-wrap: wrap;&#8221;][et_pb_column type=&#8221;1_3&#8243; _builder_version=&#8221;4.25.0&#8243; _module_preset=&#8221;default&#8221; custom_padding_tablet=&#8221;&#8221; custom_padding_phone=&#8221;||||false|false&#8221; custom_padding_last_edited=&#8221;on|phone&#8221; global_colors_info=&#8221;{}&#8221; custom_css_main_element_last_edited=&#8221;on|phone&#8221; custom_css_main_element_phone=&#8221;width: 50% !important;&#8221;][et_pb_button button_url=&#8221;\/slide-7\/&#8221; button_text=&#8221;Back&#8221; button_alignment=&#8221;center&#8221; button_alignment_tablet=&#8221;center&#8221; button_alignment_phone=&#8221;center&#8221; button_alignment_last_edited=&#8221;on|phone&#8221; _builder_version=&#8221;4.25.0&#8243; _module_preset=&#8221;default&#8221; custom_button=&#8221;on&#8221; button_text_size=&#8221;21px&#8221; button_text_color=&#8221;#FFFFFF&#8221; button_bg_color=&#8221;#000000&#8243; button_border_width=&#8221;0px&#8221; button_border_radius=&#8221;0px&#8221; button_letter_spacing=&#8221;2px&#8221; button_font=&#8221;||on||||||&#8221; button_icon=&#8221;&#xf104;||fa||900&#8243; button_icon_placement=&#8221;left&#8221; transform_skew_linked=&#8221;off&#8221; custom_margin=&#8221;|24px|-1px||false|false&#8221; custom_margin_tablet=&#8221;|0px|||false|false&#8221; custom_margin_phone=&#8221;|0px|||false|false&#8221; custom_margin_last_edited=&#8221;on|desktop&#8221; custom_padding=&#8221;3px|25px|4px|25px|false|true&#8221; custom_css_main_element=&#8221;font-family: %22classic-comic%22, sans-serif;||font-weight: 700;||font-style: normal;&#8221; locked=&#8221;off&#8221; global_colors_info=&#8221;{}&#8221; custom_padding__hover_enabled=&#8221;on|desktop&#8221; custom_padding__hover=&#8221;|25px||39px|true|false&#8221;][\/et_pb_button][\/et_pb_column][et_pb_column type=&#8221;1_3&#8243; _builder_version=&#8221;4.25.0&#8243; _module_preset=&#8221;default&#8221; global_colors_info=&#8221;{}&#8221; custom_css_main_element_last_edited=&#8221;on|desktop&#8221; custom_css_main_element_phone=&#8221;order: 3;&#8221;][et_pb_text _builder_version=&#8221;4.25.0&#8243; _module_preset=&#8221;default&#8221; text_font=&#8221;||on||||||&#8221; text_text_color=&#8221;#051a84&#8243; text_font_size=&#8221;17px&#8221; custom_padding=&#8221;10px||||false|false&#8221; hover_enabled=&#8221;0&#8243; global_colors_info=&#8221;{}&#8221; sticky_enabled=&#8221;0&#8243;]<\/p>\n<p style=\"text-align: center;\"><strong>Diapositive 9 de 11<\/strong><\/p>\n<p>[\/et_pb_text][\/et_pb_column][et_pb_column type=&#8221;1_3&#8243; _builder_version=&#8221;4.25.0&#8243; _module_preset=&#8221;default&#8221; global_colors_info=&#8221;{}&#8221; custom_css_main_element_last_edited=&#8221;on|phone&#8221; custom_css_main_element_phone=&#8221;order: 2;||width: 50% !important;&#8221;][et_pb_button button_url=&#8221;\/slide-9\/&#8221; button_text=&#8221;next&#8221; button_alignment=&#8221;center&#8221; button_alignment_tablet=&#8221;center&#8221; button_alignment_phone=&#8221;center&#8221; button_alignment_last_edited=&#8221;on|phone&#8221; _builder_version=&#8221;4.25.0&#8243; _module_preset=&#8221;default&#8221; custom_button=&#8221;on&#8221; button_text_size=&#8221;21px&#8221; button_text_color=&#8221;#FFFFFF&#8221; button_bg_color=&#8221;#000000&#8243; button_border_width=&#8221;0px&#8221; button_border_radius=&#8221;0px&#8221; button_letter_spacing=&#8221;2px&#8221; button_font=&#8221;||on||||||&#8221; button_icon=&#8221;&#xf105;||fa||900&#8243; transform_skew_linked=&#8221;off&#8221; custom_margin=&#8221;||0px||false|false&#8221; custom_margin_tablet=&#8221;|0px|||false|false&#8221; custom_margin_phone=&#8221;|0px|||false|false&#8221; custom_margin_last_edited=&#8221;on|desktop&#8221; custom_padding=&#8221;3px|25px|4px|25px|false|true&#8221; custom_css_main_element=&#8221;font-family: %22classic-comic%22, sans-serif;||font-weight: 700;||font-style: normal;&#8221; locked=&#8221;off&#8221; global_colors_info=&#8221;{}&#8221; custom_padding__hover_enabled=&#8221;on|desktop&#8221; custom_padding__hover=&#8221;|39px|||true|false&#8221; custom_css_after__hover_enabled=&#8221;on|desktop&#8221; custom_css_after__hover=&#8221;padding-left: 6px !important;&#8221;][\/et_pb_button][\/et_pb_column][\/et_pb_row][\/et_pb_section]<\/p>","protected":false},"excerpt":{"rendered":"<p>Chronic Stress Chronic stress is your body\u2019s response to low-grade demands that threaten you on a daily basis. Often times, chronic stress develops from the pressure of trying to meet all of your own expectations such as working multiple jobs to make ends meet, getting to places on time, arguing with someone close to you, [&hellip;]<\/p>","protected":false},"author":2,"featured_media":0,"parent":0,"menu_order":0,"comment_status":"closed","ping_status":"closed","template":"","meta":{"_et_pb_use_builder":"on","_et_pb_old_content":"","_et_gb_content_width":"","footnotes":""},"dipi_cpt_category":[],"class_list":["post-70","page","type-page","status-publish","hentry"],"featured_image_src":null,"featured_image_src_square":null,"_links":{"self":[{"href":"https:\/\/gpcwellnessworkshops.com\/fr\/wp-json\/wp\/v2\/pages\/70","targetHints":{"allow":["GET"]}}],"collection":[{"href":"https:\/\/gpcwellnessworkshops.com\/fr\/wp-json\/wp\/v2\/pages"}],"about":[{"href":"https:\/\/gpcwellnessworkshops.com\/fr\/wp-json\/wp\/v2\/types\/page"}],"author":[{"embeddable":true,"href":"https:\/\/gpcwellnessworkshops.com\/fr\/wp-json\/wp\/v2\/users\/2"}],"replies":[{"embeddable":true,"href":"https:\/\/gpcwellnessworkshops.com\/fr\/wp-json\/wp\/v2\/comments?post=70"}],"version-history":[{"count":0,"href":"https:\/\/gpcwellnessworkshops.com\/fr\/wp-json\/wp\/v2\/pages\/70\/revisions"}],"wp:attachment":[{"href":"https:\/\/gpcwellnessworkshops.com\/fr\/wp-json\/wp\/v2\/media?parent=70"}],"wp:term":[{"taxonomy":"dipi_cpt_category","embeddable":true,"href":"https:\/\/gpcwellnessworkshops.com\/fr\/wp-json\/wp\/v2\/dipi_cpt_category?post=70"}],"curies":[{"name":"wp","href":"https:\/\/api.w.org\/{rel}","templated":true}]}}