{"id":58,"date":"2024-04-19T13:09:41","date_gmt":"2024-04-19T13:09:41","guid":{"rendered":"https:\/\/gpcwellnessworkshops.com\/?page_id=58"},"modified":"2024-04-22T18:49:16","modified_gmt":"2024-04-22T18:49:16","slug":"slide-4","status":"publish","type":"page","link":"https:\/\/gpcwellnessworkshops.com\/fr\/slide-4\/","title":{"rendered":"Diapositive 4"},"content":{"rendered":"<p>[et_pb_section fb_built=&#8221;1&#8243; _builder_version=&#8221;4.25.0&#8243; _module_preset=&#8221;default&#8221; custom_padding=&#8221;0px||65px||false|false&#8221; global_colors_info=&#8221;{}&#8221;][et_pb_row _builder_version=&#8221;4.25.0&#8243; _module_preset=&#8221;default&#8221; custom_padding=&#8221;0px||0px||false|false&#8221; global_colors_info=&#8221;{}&#8221;][et_pb_column type=&#8221;4_4&#8243; _builder_version=&#8221;4.25.0&#8243; _module_preset=&#8221;default&#8221; global_colors_info=&#8221;{}&#8221;][et_pb_heading title=&#8221;7 WAYS TO BEGIN CHANGING YOUR MINDSET&#8221; _builder_version=&#8221;4.25.0&#8243; _module_preset=&#8221;20215759-db85-4eba-b425-c31d626c80e2&#8243; global_colors_info=&#8221;{}&#8221;][\/et_pb_heading][\/et_pb_column][\/et_pb_row][et_pb_row custom_padding_last_edited=&#8221;on|phone&#8221; _builder_version=&#8221;4.25.0&#8243; _module_preset=&#8221;default&#8221; background_color=&#8221;#FFFFFF&#8221; use_background_color_gradient=&#8221;on&#8221; background_color_gradient_stops=&#8221;#b4dbd0 0%|#ffffff 97%&#8221; custom_padding=&#8221;|3.7em||3.7em|false|true&#8221; custom_padding_tablet=&#8221;|1.7em||1.7em|false|true&#8221; custom_padding_phone=&#8221;|1.7em||1.7em|false|true&#8221; global_colors_info=&#8221;{}&#8221;][et_pb_column type=&#8221;4_4&#8243; _builder_version=&#8221;4.25.0&#8243; _module_preset=&#8221;default&#8221; custom_padding=&#8221;||||false|false&#8221; custom_padding_tablet=&#8221;|10px||10px|false|false&#8221; custom_padding_phone=&#8221;|0px||0px|false|false&#8221; custom_padding_last_edited=&#8221;on|desktop&#8221; global_colors_info=&#8221;{}&#8221;][et_pb_text _builder_version=&#8221;4.25.0&#8243; _module_preset=&#8221;26d33934-52df-4a9a-a939-4a8cd90c2eca&#8221; header_2_font_size=&#8221;32px&#8221; global_colors_info=&#8221;{}&#8221;]<\/p>\n<h2>7 fa\u00e7ons de commencer \u00e0 changer votre \u00e9tat d'esprit<\/h2>\n<p>Dans de nombreux cas, c'est votre \u00e9tat d'esprit qui d\u00e9termine si vous ressentez de l'eustress ou de la d\u00e9tresse. Si vous traversez une crise financi\u00e8re, par exemple, vous pouvez d\u00e9cider de laisser votre situation vous motiver \u00e0 changer pour le mieux, ou vous pouvez d\u00e9cider de la laisser vous submerger compl\u00e8tement. Bien que le changement d'\u00e9tat d'esprit ne se fasse pas du jour au lendemain, il s'am\u00e9liorera de plus en plus avec la pratique.<\/p>\n<h3>7 fa\u00e7ons de commencer \u00e0 changer votre \u00e9tat d'esprit<\/h3>\n<ol>\n<li>Faire de l'exercice r\u00e9guli\u00e8rement (viser 30 minutes d'activit\u00e9 physique par jour)<\/li>\n<li>Adopter un horaire\/une routine de sommeil coh\u00e9rent(e)<\/li>\n<li>Se concentrer sur un discours positif<\/li>\n<li>Pratiquer r\u00e9guli\u00e8rement la respiration profonde<\/li>\n<li>Notez tout ce qui vous passe par la t\u00eate avant de dormir<\/li>\n<li>Parlez \u00e0 une personne de confiance qui vous \u00e9clairera sur une nouvelle perspective.<\/li>\n<li>D\u00e9finissez le sc\u00e9nario le plus d\u00e9favorable. En r\u00e8gle g\u00e9n\u00e9rale, votre situation n'est pas aussi mauvaise qu'elle pourrait l'\u00eatre.<\/li>\n<\/ol>\n<p>&nbsp;[\/et_pb_text][\/et_pb_column][\/et_pb_row][et_pb_row column_structure=&#8221;1_3,1_3,1_3&#8243; custom_padding_last_edited=&#8221;on|tablet&#8221; _builder_version=&#8221;4.25.0&#8243; _module_preset=&#8221;default&#8221; custom_padding_tablet=&#8221;&#8221; custom_padding_phone=&#8221;&#8221; locked=&#8221;off&#8221; global_colors_info=&#8221;{}&#8221; custom_css_main_element_last_edited=&#8221;on|phone&#8221; custom_css_main_element_tablet=&#8221;display: flex;&#8221; custom_css_main_element_phone=&#8221;display: flex;||flex-wrap: wrap;&#8221;][et_pb_column type=&#8221;1_3&#8243; _builder_version=&#8221;4.25.0&#8243; _module_preset=&#8221;default&#8221; custom_padding_tablet=&#8221;&#8221; custom_padding_phone=&#8221;||||false|false&#8221; custom_padding_last_edited=&#8221;on|phone&#8221; global_colors_info=&#8221;{}&#8221; custom_css_main_element_last_edited=&#8221;on|phone&#8221; custom_css_main_element_phone=&#8221;width: 50% !important;&#8221;][et_pb_button button_url=&#8221;\/slide-3\/&#8221; button_text=&#8221;Back&#8221; button_alignment=&#8221;center&#8221; button_alignment_tablet=&#8221;center&#8221; button_alignment_phone=&#8221;center&#8221; button_alignment_last_edited=&#8221;on|phone&#8221; _builder_version=&#8221;4.25.0&#8243; _module_preset=&#8221;default&#8221; custom_button=&#8221;on&#8221; button_text_size=&#8221;21px&#8221; button_text_color=&#8221;#FFFFFF&#8221; button_bg_color=&#8221;#000000&#8243; button_border_width=&#8221;0px&#8221; button_border_radius=&#8221;0px&#8221; button_letter_spacing=&#8221;2px&#8221; button_font=&#8221;||on||||||&#8221; button_icon=&#8221;&#xf104;||fa||900&#8243; button_icon_placement=&#8221;left&#8221; transform_skew_linked=&#8221;off&#8221; custom_margin=&#8221;|24px|-1px||false|false&#8221; custom_margin_tablet=&#8221;|0px|||false|false&#8221; custom_margin_phone=&#8221;|0px|||false|false&#8221; custom_margin_last_edited=&#8221;on|desktop&#8221; custom_padding=&#8221;3px|25px|4px|25px|false|true&#8221; custom_css_main_element=&#8221;font-family: %22classic-comic%22, sans-serif;||font-weight: 700;||font-style: normal;&#8221; locked=&#8221;off&#8221; global_colors_info=&#8221;{}&#8221; custom_padding__hover_enabled=&#8221;on|desktop&#8221; custom_padding__hover=&#8221;|25px||39px|true|false&#8221;][\/et_pb_button][\/et_pb_column][et_pb_column type=&#8221;1_3&#8243; _builder_version=&#8221;4.25.0&#8243; _module_preset=&#8221;default&#8221; global_colors_info=&#8221;{}&#8221; custom_css_main_element_last_edited=&#8221;on|desktop&#8221; custom_css_main_element_phone=&#8221;order: 3;&#8221;][et_pb_text _builder_version=&#8221;4.25.0&#8243; _module_preset=&#8221;default&#8221; text_font=&#8221;||on||||||&#8221; text_text_color=&#8221;#051a84&#8243; text_font_size=&#8221;17px&#8221; custom_padding=&#8221;10px||||false|false&#8221; hover_enabled=&#8221;0&#8243; global_colors_info=&#8221;{}&#8221; sticky_enabled=&#8221;0&#8243;]<\/p>\n<p style=\"text-align: center;\"><strong>Diapositive 5 de 11<\/strong><\/p>\n<p>[\/et_pb_text][\/et_pb_column][et_pb_column type=&#8221;1_3&#8243; _builder_version=&#8221;4.25.0&#8243; _module_preset=&#8221;default&#8221; global_colors_info=&#8221;{}&#8221; custom_css_main_element_last_edited=&#8221;on|phone&#8221; custom_css_main_element_phone=&#8221;order: 2;||width: 50% !important;&#8221;][et_pb_button button_url=&#8221;\/slide-5\/&#8221; button_text=&#8221;next&#8221; button_alignment=&#8221;center&#8221; button_alignment_tablet=&#8221;center&#8221; button_alignment_phone=&#8221;center&#8221; button_alignment_last_edited=&#8221;on|phone&#8221; _builder_version=&#8221;4.25.0&#8243; _module_preset=&#8221;default&#8221; custom_button=&#8221;on&#8221; button_text_size=&#8221;21px&#8221; button_text_color=&#8221;#FFFFFF&#8221; button_bg_color=&#8221;#000000&#8243; button_border_width=&#8221;0px&#8221; button_border_radius=&#8221;0px&#8221; button_letter_spacing=&#8221;2px&#8221; button_font=&#8221;||on||||||&#8221; button_icon=&#8221;&#xf105;||fa||900&#8243; transform_skew_linked=&#8221;off&#8221; custom_margin=&#8221;||0px||false|false&#8221; custom_margin_tablet=&#8221;|0px|||false|false&#8221; custom_margin_phone=&#8221;|0px|||false|false&#8221; custom_margin_last_edited=&#8221;on|desktop&#8221; custom_padding=&#8221;3px|25px|4px|25px|false|true&#8221; custom_css_main_element=&#8221;font-family: %22classic-comic%22, sans-serif;||font-weight: 700;||font-style: normal;&#8221; locked=&#8221;off&#8221; global_colors_info=&#8221;{}&#8221; custom_padding__hover_enabled=&#8221;on|desktop&#8221; custom_padding__hover=&#8221;|39px|||true|false&#8221; custom_css_after__hover_enabled=&#8221;on|desktop&#8221; custom_css_after__hover=&#8221;padding-left: 6px !important;&#8221;][\/et_pb_button][\/et_pb_column][\/et_pb_row][\/et_pb_section]<\/p>","protected":false},"excerpt":{"rendered":"<p>7 Ways to Begin Changing Your Mindset In many cases, your mindset determines whether you experience eustress or distress. If you\u2019re in a financial crisis, for example, you can decide to let your situation motivate you to make a change for the better, or you can decide to let it completely overwhelm you. Although changing [&hellip;]<\/p>","protected":false},"author":2,"featured_media":0,"parent":0,"menu_order":0,"comment_status":"closed","ping_status":"closed","template":"","meta":{"_et_pb_use_builder":"on","_et_pb_old_content":"","_et_gb_content_width":"","footnotes":""},"dipi_cpt_category":[],"class_list":["post-58","page","type-page","status-publish","hentry"],"featured_image_src":null,"featured_image_src_square":null,"_links":{"self":[{"href":"https:\/\/gpcwellnessworkshops.com\/fr\/wp-json\/wp\/v2\/pages\/58","targetHints":{"allow":["GET"]}}],"collection":[{"href":"https:\/\/gpcwellnessworkshops.com\/fr\/wp-json\/wp\/v2\/pages"}],"about":[{"href":"https:\/\/gpcwellnessworkshops.com\/fr\/wp-json\/wp\/v2\/types\/page"}],"author":[{"embeddable":true,"href":"https:\/\/gpcwellnessworkshops.com\/fr\/wp-json\/wp\/v2\/users\/2"}],"replies":[{"embeddable":true,"href":"https:\/\/gpcwellnessworkshops.com\/fr\/wp-json\/wp\/v2\/comments?post=58"}],"version-history":[{"count":0,"href":"https:\/\/gpcwellnessworkshops.com\/fr\/wp-json\/wp\/v2\/pages\/58\/revisions"}],"wp:attachment":[{"href":"https:\/\/gpcwellnessworkshops.com\/fr\/wp-json\/wp\/v2\/media?parent=58"}],"wp:term":[{"taxonomy":"dipi_cpt_category","embeddable":true,"href":"https:\/\/gpcwellnessworkshops.com\/fr\/wp-json\/wp\/v2\/dipi_cpt_category?post=58"}],"curies":[{"name":"wp","href":"https:\/\/api.w.org\/{rel}","templated":true}]}}