{"id":57,"date":"2024-04-19T13:05:06","date_gmt":"2024-04-19T13:05:06","guid":{"rendered":"https:\/\/gpcwellnessworkshops.com\/?page_id=57"},"modified":"2024-04-22T18:49:45","modified_gmt":"2024-04-22T18:49:45","slug":"slide-3","status":"publish","type":"page","link":"https:\/\/gpcwellnessworkshops.com\/fr\/slide-3\/","title":{"rendered":"diapositive 3"},"content":{"rendered":"<p>[et_pb_section fb_built=&#8221;1&#8243; _builder_version=&#8221;4.25.0&#8243; _module_preset=&#8221;default&#8221; custom_padding=&#8221;0px||65px||false|false&#8221; global_colors_info=&#8221;{}&#8221;][et_pb_row _builder_version=&#8221;4.25.0&#8243; _module_preset=&#8221;default&#8221; custom_padding=&#8221;0px||0px||false|false&#8221; global_colors_info=&#8221;{}&#8221;][et_pb_column type=&#8221;4_4&#8243; _builder_version=&#8221;4.25.0&#8243; _module_preset=&#8221;default&#8221; global_colors_info=&#8221;{}&#8221;][et_pb_heading title=&#8221;EUSTRESS VS DISTRESS&#8221; _builder_version=&#8221;4.25.0&#8243; _module_preset=&#8221;20215759-db85-4eba-b425-c31d626c80e2&#8243; global_colors_info=&#8221;{}&#8221;][\/et_pb_heading][\/et_pb_column][\/et_pb_row][et_pb_row custom_padding_last_edited=&#8221;on|phone&#8221; _builder_version=&#8221;4.25.0&#8243; _module_preset=&#8221;default&#8221; background_color=&#8221;#FFFFFF&#8221; use_background_color_gradient=&#8221;on&#8221; background_color_gradient_stops=&#8221;#b4dbd0 0%|#ffffff 97%&#8221; custom_padding=&#8221;|3.7em||3.7em|false|true&#8221; custom_padding_tablet=&#8221;|1.7em||1.7em|false|true&#8221; custom_padding_phone=&#8221;|1.7em||1.7em|false|true&#8221; global_colors_info=&#8221;{}&#8221;][et_pb_column type=&#8221;4_4&#8243; _builder_version=&#8221;4.25.0&#8243; _module_preset=&#8221;default&#8221; custom_padding=&#8221;||||false|false&#8221; custom_padding_tablet=&#8221;|10px||10px|false|false&#8221; custom_padding_phone=&#8221;|0px||0px|false|false&#8221; custom_padding_last_edited=&#8221;on|desktop&#8221; global_colors_info=&#8221;{}&#8221;][et_pb_text _builder_version=&#8221;4.25.0&#8243; _module_preset=&#8221;26d33934-52df-4a9a-a939-4a8cd90c2eca&#8221; header_2_font_size=&#8221;32px&#8221; custom_padding=&#8221;||0px|||&#8221; global_colors_info=&#8221;{}&#8221;]<\/p>\n<h2>Eustress vs D\u00e9tresse<\/h2>\n<p>Toutes les formes de stress provoquent une r\u00e9action physique quelconque. Les sympt\u00f4mes que vous ressentez et leur intensit\u00e9 d\u00e9terminent le type de stress auquel vous \u00eates confront\u00e9. Il existe deux types de facteurs de stress<em>eustress<\/em> et <em>d\u00e9tresse.<\/em> Les deux facteurs de stress entra\u00eenent une lib\u00e9ration de cortisol, mais c'est la fa\u00e7on dont vous y r\u00e9pondez qui fait la diff\u00e9rence entre les deux.<\/p>\n<h3>Eustress<\/h3>\n<p>L'eustress a un effet positif sur nous. C'est ce qui nous motive \u00e0 faire un changement. Par exemple, lorsque vous \u00eates malade, l'eustress vous motive \u00e0 surmonter votre maladie et \u00e0 retrouver la sant\u00e9 le plus rapidement possible. Un autre exemple d'eustress est l'utilisation d'un projet difficile au travail pour surmonter de nouveaux obstacles. Contrairement \u00e0 la d\u00e9tresse, l'eustress cr\u00e9e de l'excitation et donne une perspective positive.<\/p>\n<p>Prenez le temps d'identifier ce qui vous procure de l'eustress.<\/p>\n<h3>D\u00e9tresse<\/h3>\n<p>\u00c0 l'oppos\u00e9 de l'eustress, la d\u00e9tresse a un effet n\u00e9gatif sur nous. Lorsque nous nous trouvons dans une situation stressante sur laquelle nous n'avons aucun contr\u00f4le, la d\u00e9tresse met en \u00e9vidence la fa\u00e7on dont elle peut d\u00e9passer notre capacit\u00e9 \u00e0 faire face aux sentiments d'anxi\u00e9t\u00e9. Bien que la d\u00e9tresse soit tr\u00e8s courante et parfois in\u00e9vitable, la bonne nouvelle est que vous pouvez changer les choses en att\u00e9nuant les effets n\u00e9gatifs que vous ressentez.<\/p>\n<p><strong>Recherchez les sympt\u00f4mes de d\u00e9tresse suivants :<\/strong><\/p>\n<ul>\n<li>Col\u00e8re\/irritabilit\u00e9<\/li>\n<li>L\u00e9thargie\/fatigue<\/li>\n<li>Changements dans les habitudes de sommeil<\/li>\n<li>Sentiments de d\u00e9sespoir ou de culpabilit\u00e9<\/li>\n<\/ul>\n<p>[\/et_pb_text][\/et_pb_column][\/et_pb_row][et_pb_row column_structure=&#8221;1_3,1_3,1_3&#8243; custom_padding_last_edited=&#8221;on|tablet&#8221; _builder_version=&#8221;4.25.0&#8243; _module_preset=&#8221;default&#8221; custom_padding_tablet=&#8221;&#8221; custom_padding_phone=&#8221;&#8221; locked=&#8221;off&#8221; global_colors_info=&#8221;{}&#8221; custom_css_main_element_last_edited=&#8221;on|phone&#8221; custom_css_main_element_tablet=&#8221;display: flex;&#8221; custom_css_main_element_phone=&#8221;display: flex;||flex-wrap: wrap;&#8221;][et_pb_column type=&#8221;1_3&#8243; _builder_version=&#8221;4.25.0&#8243; _module_preset=&#8221;default&#8221; custom_padding_tablet=&#8221;&#8221; custom_padding_phone=&#8221;||||false|false&#8221; custom_padding_last_edited=&#8221;on|phone&#8221; global_colors_info=&#8221;{}&#8221; custom_css_main_element_last_edited=&#8221;on|phone&#8221; custom_css_main_element_phone=&#8221;width: 50% !important;&#8221;][et_pb_button button_url=&#8221;\/slide-2\/&#8221; button_text=&#8221;Back&#8221; button_alignment=&#8221;center&#8221; button_alignment_tablet=&#8221;center&#8221; button_alignment_phone=&#8221;center&#8221; button_alignment_last_edited=&#8221;on|phone&#8221; _builder_version=&#8221;4.25.0&#8243; _module_preset=&#8221;default&#8221; custom_button=&#8221;on&#8221; button_text_size=&#8221;21px&#8221; button_text_color=&#8221;#FFFFFF&#8221; button_bg_color=&#8221;#000000&#8243; button_border_width=&#8221;0px&#8221; button_border_radius=&#8221;0px&#8221; button_letter_spacing=&#8221;2px&#8221; button_font=&#8221;||on||||||&#8221; button_icon=&#8221;&#xf104;||fa||900&#8243; button_icon_placement=&#8221;left&#8221; transform_skew_linked=&#8221;off&#8221; custom_margin=&#8221;|24px|-1px||false|false&#8221; custom_margin_tablet=&#8221;|0px|||false|false&#8221; custom_margin_phone=&#8221;|0px|||false|false&#8221; custom_margin_last_edited=&#8221;on|desktop&#8221; custom_padding=&#8221;3px|25px|4px|25px|false|true&#8221; custom_css_main_element=&#8221;font-family: %22classic-comic%22, sans-serif;||font-weight: 700;||font-style: normal;&#8221; locked=&#8221;off&#8221; global_colors_info=&#8221;{}&#8221; custom_padding__hover_enabled=&#8221;on|desktop&#8221; custom_padding__hover=&#8221;|25px||39px|true|false&#8221;][\/et_pb_button][\/et_pb_column][et_pb_column type=&#8221;1_3&#8243; _builder_version=&#8221;4.25.0&#8243; _module_preset=&#8221;default&#8221; global_colors_info=&#8221;{}&#8221; custom_css_main_element_last_edited=&#8221;on|desktop&#8221; custom_css_main_element_phone=&#8221;order: 3;&#8221;][et_pb_text _builder_version=&#8221;4.25.0&#8243; _module_preset=&#8221;default&#8221; text_font=&#8221;||on||||||&#8221; text_text_color=&#8221;#051a84&#8243; text_font_size=&#8221;17px&#8221; custom_padding=&#8221;10px||||false|false&#8221; hover_enabled=&#8221;0&#8243; global_colors_info=&#8221;{}&#8221; sticky_enabled=&#8221;0&#8243;]<\/p>\n<p style=\"text-align: center;\"><strong>Diapositive 4 de 11<\/strong><\/p>\n<p>[\/et_pb_text][\/et_pb_column][et_pb_column type=&#8221;1_3&#8243; _builder_version=&#8221;4.25.0&#8243; _module_preset=&#8221;default&#8221; global_colors_info=&#8221;{}&#8221; custom_css_main_element_last_edited=&#8221;on|phone&#8221; custom_css_main_element_phone=&#8221;order: 2;||width: 50% !important;&#8221;][et_pb_button button_url=&#8221;\/slide-4\/&#8221; button_text=&#8221;next&#8221; button_alignment=&#8221;center&#8221; button_alignment_tablet=&#8221;center&#8221; button_alignment_phone=&#8221;center&#8221; button_alignment_last_edited=&#8221;on|phone&#8221; _builder_version=&#8221;4.25.0&#8243; _module_preset=&#8221;default&#8221; custom_button=&#8221;on&#8221; button_text_size=&#8221;21px&#8221; button_text_color=&#8221;#FFFFFF&#8221; button_bg_color=&#8221;#000000&#8243; button_border_width=&#8221;0px&#8221; button_border_radius=&#8221;0px&#8221; button_letter_spacing=&#8221;2px&#8221; button_font=&#8221;||on||||||&#8221; button_icon=&#8221;&#xf105;||fa||900&#8243; transform_skew_linked=&#8221;off&#8221; custom_margin=&#8221;||0px||false|false&#8221; custom_margin_tablet=&#8221;|0px|||false|false&#8221; custom_margin_phone=&#8221;|0px|||false|false&#8221; custom_margin_last_edited=&#8221;on|desktop&#8221; custom_padding=&#8221;3px|25px|4px|25px|false|true&#8221; custom_css_main_element=&#8221;font-family: %22classic-comic%22, sans-serif;||font-weight: 700;||font-style: normal;&#8221; locked=&#8221;off&#8221; global_colors_info=&#8221;{}&#8221; custom_padding__hover_enabled=&#8221;on|desktop&#8221; custom_padding__hover=&#8221;|39px|||true|false&#8221; custom_css_after__hover_enabled=&#8221;on|desktop&#8221; custom_css_after__hover=&#8221;padding-left: 6px !important;&#8221;][\/et_pb_button][\/et_pb_column][\/et_pb_row][\/et_pb_section]<\/p>","protected":false},"excerpt":{"rendered":"<p>Eustress vs Distress All forms of stress will cause a physical reaction of some sort. The symptoms you experience, and the degree you experience them determines the type of stress you\u2019re dealing with. There are two types of stressors\u2014eustress and distress. Both stressors result in a release of cortisol, but the way in which you [&hellip;]<\/p>","protected":false},"author":2,"featured_media":0,"parent":0,"menu_order":0,"comment_status":"closed","ping_status":"closed","template":"","meta":{"_et_pb_use_builder":"on","_et_pb_old_content":"","_et_gb_content_width":"","footnotes":""},"dipi_cpt_category":[],"class_list":["post-57","page","type-page","status-publish","hentry"],"featured_image_src":null,"featured_image_src_square":null,"_links":{"self":[{"href":"https:\/\/gpcwellnessworkshops.com\/fr\/wp-json\/wp\/v2\/pages\/57","targetHints":{"allow":["GET"]}}],"collection":[{"href":"https:\/\/gpcwellnessworkshops.com\/fr\/wp-json\/wp\/v2\/pages"}],"about":[{"href":"https:\/\/gpcwellnessworkshops.com\/fr\/wp-json\/wp\/v2\/types\/page"}],"author":[{"embeddable":true,"href":"https:\/\/gpcwellnessworkshops.com\/fr\/wp-json\/wp\/v2\/users\/2"}],"replies":[{"embeddable":true,"href":"https:\/\/gpcwellnessworkshops.com\/fr\/wp-json\/wp\/v2\/comments?post=57"}],"version-history":[{"count":0,"href":"https:\/\/gpcwellnessworkshops.com\/fr\/wp-json\/wp\/v2\/pages\/57\/revisions"}],"wp:attachment":[{"href":"https:\/\/gpcwellnessworkshops.com\/fr\/wp-json\/wp\/v2\/media?parent=57"}],"wp:term":[{"taxonomy":"dipi_cpt_category","embeddable":true,"href":"https:\/\/gpcwellnessworkshops.com\/fr\/wp-json\/wp\/v2\/dipi_cpt_category?post=57"}],"curies":[{"name":"wp","href":"https:\/\/api.w.org\/{rel}","templated":true}]}}