{"id":46,"date":"2024-04-19T11:43:28","date_gmt":"2024-04-19T11:43:28","guid":{"rendered":"https:\/\/GPCWELLNESSWORKSHOPS.COM\/?page_id=46"},"modified":"2024-04-23T12:06:14","modified_gmt":"2024-04-23T12:06:14","slug":"slide-1","status":"publish","type":"page","link":"https:\/\/gpcwellnessworkshops.com\/fr\/slide-1\/","title":{"rendered":"diapositive 1"},"content":{"rendered":"<p>[et_pb_section fb_built=\"1\u2033 _builder_version=\"4.25.0\u2033 _module_preset=\"default\" custom_padding=\"0px||65px||false|false\" global_colors_info=\"{}\"][et_pb_row _builder_version=\"4.25.0\u2033 _module_preset=\"default\" custom_padding=\"0px||0px||false|false\" global_colors_info=\"{}\"][et_pb_column type=\"4_4\u2033 _builder_version=\"4.25.0\u2033 _module_preset=\"default\" global_colors_info=\"{}\"][et_pb_heading title=\"Introduction\" _builder_version=\"4.25.0\u2033 _module_preset=\u201d20215759-db85-4eba-b425-c31d626c80e2\u2033 global_colors_info=\u201d{}\u201d][\/et_pb_heading][\/et_pb_column][\/et_pb_row][et_pb_row column_structure=\u201d2_3,1_3\u2033 custom_padding_last_edited=\u201don|phone\u201d _builder_version=\u201d4.25.0\u2033 _module_preset=\"default\" background_color=\"#FFFFFF\" use_background_color_gradient=\"on\" background_color_gradient_stops=\"#b4dbd0 0%|#ffffff 97%\" custom_padding=\"|3.7em||3.7em|false|true\" custom_padding_tablet=\"|1.7em||1.7em|false|true\" custom_padding_phone=\"|1.7em||1.7em|false|true\" global_colors_info=\"{}\"][et_pb_column type=\"2_3\u2033 _builder_version=\"4.25.0\u2033 _module_preset=\"default\" custom_padding=\"|0px||0px|false|false\" custom_padding_tablet=\"|10px||10px|false|false\" custom_padding_phone=\"|0px|0px|false|false\" custom_padding_last_edited=\"on|desktop\" global_colors_info=\"{}\"][et_pb_text _builder_version=\"4.25.0\u2033 _module_preset=\"26d33934-52df-4a9a-a939-4a8cd90c2eca\" header_2_font_size=\"32px\" custom_margin=\"|0px||false|false\" custom_padding=\"|0px||false|false\" hover_enabled=\"0\u2033 global_colors_info=\"{}\" sticky_enabled=\"0\u2033]<\/p>\n<h2>Comprendre son stress<\/h2>\n<p>Ce module d'apprentissage vous apprendra comment le stress fonctionne dans votre cerveau, comment il vous affecte de diff\u00e9rentes mani\u00e8res et vous aidera \u00e0 identifier le type de stress que vous subissez.<\/p>\n<h3>Objectifs d'apprentissage<\/h3>\n<ul>\n<li>D\u00e9couvrez les processus c\u00e9r\u00e9braux qui d\u00e9terminent la fa\u00e7on dont vous r\u00e9agissez au stress.<\/li>\n<li>D\u00e9couvrez les types de stress que vous subissez<\/li>\n<\/ul>\n<p>&nbsp;<\/p>\n<p>[\/et_pb_text][\/et_pb_column][et_pb_column type=&#8221;1_3&#8243; _builder_version=&#8221;4.25.0&#8243; _module_preset=&#8221;default&#8221; custom_padding=&#8221;|0px||0px|false|false&#8221; custom_padding_tablet=&#8221;|10px||10px|false|false&#8221; custom_padding_phone=&#8221;|0px||0px|false|false&#8221; custom_padding_last_edited=&#8221;on|desktop&#8221; global_colors_info=&#8221;{}&#8221;][et_pb_image src=&#8221;https:\/\/gpcwellnessworkshops.com\/wp-content\/uploads\/2024\/04\/stressed1.jpg&#8221; title_text=&#8221;Stressed&#8221; force_fullwidth=&#8221;on&#8221; _builder_version=&#8221;4.25.0&#8243; _module_preset=&#8221;default&#8221; global_colors_info=&#8221;{}&#8221;][\/et_pb_image][\/et_pb_column][\/et_pb_row][et_pb_row column_structure=&#8221;1_3,1_3,1_3&#8243; custom_padding_last_edited=&#8221;on|tablet&#8221; _builder_version=&#8221;4.25.0&#8243; _module_preset=&#8221;default&#8221; custom_padding_tablet=&#8221;&#8221; custom_padding_phone=&#8221;&#8221; global_colors_info=&#8221;{}&#8221; custom_css_main_element_last_edited=&#8221;on|phone&#8221; custom_css_main_element_tablet=&#8221;display: flex;&#8221; custom_css_main_element_phone=&#8221;display: flex;||flex-wrap: wrap;&#8221;][et_pb_column type=&#8221;1_3&#8243; _builder_version=&#8221;4.25.0&#8243; _module_preset=&#8221;default&#8221; custom_padding_tablet=&#8221;&#8221; custom_padding_phone=&#8221;||||false|false&#8221; custom_padding_last_edited=&#8221;on|phone&#8221; global_colors_info=&#8221;{}&#8221; custom_css_main_element_last_edited=&#8221;on|phone&#8221; custom_css_main_element_phone=&#8221;width: 50% !important;&#8221;][et_pb_button button_url=&#8221;https:\/\/gpcwellnessworkshops.com\/&#8221; button_text=&#8221;Back&#8221; button_alignment=&#8221;center&#8221; button_alignment_tablet=&#8221;center&#8221; button_alignment_phone=&#8221;center&#8221; button_alignment_last_edited=&#8221;on|phone&#8221; _builder_version=&#8221;4.25.0&#8243; _module_preset=&#8221;default&#8221; custom_button=&#8221;on&#8221; button_text_size=&#8221;21px&#8221; button_text_color=&#8221;#FFFFFF&#8221; button_bg_color=&#8221;#000000&#8243; button_border_width=&#8221;0px&#8221; button_border_radius=&#8221;0px&#8221; button_letter_spacing=&#8221;2px&#8221; button_font=&#8221;||on||||||&#8221; button_icon=&#8221;&#xf104;||fa||900&#8243; button_icon_placement=&#8221;left&#8221; transform_skew_linked=&#8221;off&#8221; custom_margin=&#8221;|24px|-1px||false|false&#8221; custom_margin_tablet=&#8221;|0px|||false|false&#8221; custom_margin_phone=&#8221;|0px|||false|false&#8221; custom_margin_last_edited=&#8221;on|desktop&#8221; custom_padding=&#8221;3px|25px|4px|25px|false|true&#8221; custom_css_main_element=&#8221;font-family: %22classic-comic%22, sans-serif;||font-weight: 700;||font-style: normal;&#8221; locked=&#8221;off&#8221; global_colors_info=&#8221;{}&#8221; custom_padding__hover_enabled=&#8221;on|desktop&#8221; custom_padding__hover=&#8221;|25px||39px|true|false&#8221;][\/et_pb_button][\/et_pb_column][et_pb_column type=&#8221;1_3&#8243; _builder_version=&#8221;4.25.0&#8243; _module_preset=&#8221;default&#8221; global_colors_info=&#8221;{}&#8221; custom_css_main_element_last_edited=&#8221;on|desktop&#8221; custom_css_main_element_phone=&#8221;order: 3;&#8221;][et_pb_text _builder_version=&#8221;4.25.0&#8243; _module_preset=&#8221;default&#8221; text_font=&#8221;||on||||||&#8221; text_text_color=&#8221;#051a84&#8243; text_font_size=&#8221;17px&#8221; custom_padding=&#8221;10px||||false|false&#8221; global_colors_info=&#8221;{}&#8221;]<\/p>\n<p style=\"text-align: center;\"><strong>Diapositive 1 de 11<\/strong><\/p>\n<p>[\/et_pb_text][\/et_pb_column][et_pb_column type=&#8221;1_3&#8243; _builder_version=&#8221;4.25.0&#8243; _module_preset=&#8221;default&#8221; global_colors_info=&#8221;{}&#8221; custom_css_main_element_last_edited=&#8221;on|phone&#8221; custom_css_main_element_phone=&#8221;order: 2;||width: 50% !important;&#8221;][et_pb_button button_url=&#8221;\/slide-2\/&#8221; button_text=&#8221;next&#8221; button_alignment=&#8221;center&#8221; button_alignment_tablet=&#8221;center&#8221; button_alignment_phone=&#8221;center&#8221; button_alignment_last_edited=&#8221;on|phone&#8221; _builder_version=&#8221;4.25.0&#8243; _module_preset=&#8221;default&#8221; custom_button=&#8221;on&#8221; button_text_size=&#8221;21px&#8221; button_text_color=&#8221;#FFFFFF&#8221; button_bg_color=&#8221;#000000&#8243; button_border_width=&#8221;0px&#8221; button_border_radius=&#8221;0px&#8221; button_letter_spacing=&#8221;2px&#8221; button_font=&#8221;||on||||||&#8221; button_icon=&#8221;&#xf105;||fa||900&#8243; transform_skew_linked=&#8221;off&#8221; custom_margin=&#8221;||0px||false|false&#8221; custom_margin_tablet=&#8221;|0px|||false|false&#8221; custom_margin_phone=&#8221;|0px|||false|false&#8221; custom_margin_last_edited=&#8221;on|desktop&#8221; custom_padding=&#8221;3px|25px|4px|25px|false|true&#8221; custom_css_main_element=&#8221;font-family: %22classic-comic%22, sans-serif;||font-weight: 700;||font-style: normal;&#8221; locked=&#8221;off&#8221; global_colors_info=&#8221;{}&#8221; custom_padding__hover_enabled=&#8221;on|desktop&#8221; custom_padding__hover=&#8221;|39px|||true|false&#8221; custom_css_after__hover_enabled=&#8221;on|desktop&#8221; custom_css_after__hover=&#8221;padding-left: 6px !important;&#8221;][\/et_pb_button][\/et_pb_column][\/et_pb_row][\/et_pb_section]<\/p>","protected":false},"excerpt":{"rendered":"<p>Comprendre votre stress Ce module d'apprentissage vous apprendra comment le stress fonctionne dans votre cerveau, comment il vous affecte de diff\u00e9rentes mani\u00e8res et vous aidera \u00e0 identifier le type de stress que vous subissez. Objectifs d'apprentissage D\u00e9couvrir les processus c\u00e9r\u00e9braux qui d\u00e9terminent la fa\u00e7on dont vous r\u00e9agissez au stress D\u00e9couvrir les types de stress que vous [...]<\/p>","protected":false},"author":2,"featured_media":0,"parent":0,"menu_order":0,"comment_status":"closed","ping_status":"closed","template":"","meta":{"_et_pb_use_builder":"on","_et_pb_old_content":"","_et_gb_content_width":"","footnotes":""},"dipi_cpt_category":[],"class_list":["post-46","page","type-page","status-publish","hentry"],"featured_image_src":null,"featured_image_src_square":null,"_links":{"self":[{"href":"https:\/\/gpcwellnessworkshops.com\/fr\/wp-json\/wp\/v2\/pages\/46","targetHints":{"allow":["GET"]}}],"collection":[{"href":"https:\/\/gpcwellnessworkshops.com\/fr\/wp-json\/wp\/v2\/pages"}],"about":[{"href":"https:\/\/gpcwellnessworkshops.com\/fr\/wp-json\/wp\/v2\/types\/page"}],"author":[{"embeddable":true,"href":"https:\/\/gpcwellnessworkshops.com\/fr\/wp-json\/wp\/v2\/users\/2"}],"replies":[{"embeddable":true,"href":"https:\/\/gpcwellnessworkshops.com\/fr\/wp-json\/wp\/v2\/comments?post=46"}],"version-history":[{"count":0,"href":"https:\/\/gpcwellnessworkshops.com\/fr\/wp-json\/wp\/v2\/pages\/46\/revisions"}],"wp:attachment":[{"href":"https:\/\/gpcwellnessworkshops.com\/fr\/wp-json\/wp\/v2\/media?parent=46"}],"wp:term":[{"taxonomy":"dipi_cpt_category","embeddable":true,"href":"https:\/\/gpcwellnessworkshops.com\/fr\/wp-json\/wp\/v2\/dipi_cpt_category?post=46"}],"curies":[{"name":"wp","href":"https:\/\/api.w.org\/{rel}","templated":true}]}}