{"id":10,"date":"2024-04-19T00:16:48","date_gmt":"2024-04-19T00:16:48","guid":{"rendered":"https:\/\/GPCWELLNESSWORKSHOPS.COM\/?page_id=10"},"modified":"2024-04-22T18:33:38","modified_gmt":"2024-04-22T18:33:38","slug":"home","status":"publish","type":"page","link":"https:\/\/gpcwellnessworkshops.com\/fr\/","title":{"rendered":"Accueil"},"content":{"rendered":"<p>[et_pb_section fb_built=&#8221;1&#8243; _builder_version=&#8221;4.25.0&#8243; _module_preset=&#8221;default&#8221; custom_padding=&#8221;0px||3em||false|false&#8221; locked=&#8221;off&#8221; global_colors_info=&#8221;{}&#8221;][et_pb_row _builder_version=&#8221;4.22.0&#8243; _module_preset=&#8221;default&#8221; custom_padding=&#8221;0px||0px||false|false&#8221; global_colors_info=&#8221;{}&#8221;][et_pb_column type=&#8221;4_4&#8243; _builder_version=&#8221;4.22.0&#8243; _module_preset=&#8221;default&#8221; global_colors_info=&#8221;{}&#8221;][et_pb_image src=&#8221;https:\/\/GPCWELLNESSWORKSHOPS.COM\/wp-content\/uploads\/2024\/04\/refresh_stress_banner.jpg&#8221; title_text=&#8221;refresh_stress_banner&#8221; _builder_version=&#8221;4.22.0&#8243; _module_preset=&#8221;default&#8221; max_width=&#8221;100%&#8221; module_alignment=&#8221;center&#8221; border_width_bottom=&#8221;10px&#8221; border_color_bottom=&#8221;#D83833&#8243; global_colors_info=&#8221;{}&#8221;][\/et_pb_image][\/et_pb_column][\/et_pb_row][et_pb_row column_structure=&#8221;2_5,3_5&#8243; use_custom_gutter=&#8221;on&#8221; gutter_width=&#8221;1&#8243; make_equal=&#8221;on&#8221; _builder_version=&#8221;4.22.0&#8243; _module_preset=&#8221;default&#8221; use_background_color_gradient=&#8221;on&#8221; background_color_gradient_stops=&#8221;#b4dbd0 0%|#ffffff 93%&#8221; custom_padding=&#8221;0px|0px|0px||false|false&#8221; custom_css_main_element=&#8221;align-items: flex-end; !important;&#8221; border_width_bottom=&#8221;7px&#8221; border_color_bottom=&#8221;#000000&#8243; global_colors_info=&#8221;{}&#8221;][et_pb_column type=&#8221;2_5&#8243; _builder_version=&#8221;4.22.0&#8243; _module_preset=&#8221;default&#8221; custom_padding=&#8221;1em||||false|false&#8221; custom_padding_tablet=&#8221;0em||||false|false&#8221; custom_padding_phone=&#8221;0em||||false|false&#8221; custom_padding_last_edited=&#8221;on|tablet&#8221; global_colors_info=&#8221;{}&#8221;][et_pb_image src=&#8221;https:\/\/GPCWELLNESSWORKSHOPS.COM\/wp-content\/uploads\/2024\/04\/stress_man.png&#8221; show_bottom_space=&#8221;off&#8221; align=&#8221;center&#8221; disabled_on=&#8221;on|on|off&#8221; _builder_version=&#8221;4.22.0&#8243; _module_preset=&#8221;default&#8221; position_origin_a=&#8221;bottom_center&#8221; position_origin_f=&#8221;bottom_left&#8221; width=&#8221;81%&#8221; custom_margin=&#8221;||0px||false|false&#8221; custom_padding=&#8221;0px||0px||false|false&#8221; global_colors_info=&#8221;{}&#8221;][\/et_pb_image][\/et_pb_column][et_pb_column type=&#8221;3_5&#8243; _builder_version=&#8221;4.22.0&#8243; _module_preset=&#8221;default&#8221; custom_padding=&#8221;3.5em||||false|false&#8221; custom_padding_tablet=&#8221;3em||||false|false&#8221; custom_padding_phone=&#8221;3em||||false|false&#8221; custom_padding_last_edited=&#8221;on|phone&#8221; global_colors_info=&#8221;{}&#8221;][et_pb_text module_class=&#8221;roboto-condensed-intro&#8221; _builder_version=&#8221;4.25.0&#8243; _module_preset=&#8221;default&#8221; text_font=&#8221;Roboto Condensed||on||||||&#8221; text_text_color=&#8221;#000000&#8243; text_font_size=&#8221;24px&#8221; text_line_height=&#8221;28.6px&#8221; custom_padding=&#8221;0px|3em|1em||false|false&#8221; custom_padding_tablet=&#8221;|1.5em||1.5em|false|true&#8221; custom_padding_phone=&#8221;|1.2em||1.2em|false|true&#8221; custom_padding_last_edited=&#8221;on|phone&#8221; text_font_size_tablet=&#8221;23px&#8221; text_font_size_phone=&#8221;21.5px&#8221; text_font_size_last_edited=&#8221;on|phone&#8221; custom_css_free_form=&#8221;.roboto-condensed-intro p {|| font-family: %22Roboto Condensed%22, sans-serif;|| font-optical-sizing: auto;|| font-weight: 400 !important;|| font-style: italic;||}&#8221; global_colors_info=&#8221;{}&#8221;]<\/p>\n<p>Le stress rend la vie et le travail plus difficiles qu'ils ne devraient l'\u00eatre. Sur de longues p\u00e9riodes, il peut miner votre bien-\u00eatre et affecter de nombreux aspects de votre sant\u00e9. La bonne nouvelle, c'est que nous pouvons apprendre \u00e0 mieux g\u00e9rer le stress.<\/p>\n<p>Remplir ce formulaire <strong>Module d'apprentissage en ligne \"Se remettre du stress<\/strong> par <strong>28 juin<\/strong> et obtenir un <strong>$50<\/strong> incitation individuelle.<\/p>\n<p>[\/et_pb_text][et_pb_text module_class=\"comic_style_text reg_txt\" _builder_version=\"4.22.0\u2033 _module_preset=\"default\" text_font=\"Roboto||||||||\" text_text_color=\"#000000\u2033 text_font_size=\"16.5px\" text_line_height=\"1.45em\" ul_font_size=\"16.5px\" ul_line_height=\"1.43em\" header_3_text_color=\"#0C71C3\u2033 header_3_font_size=\"23px\" custom_padding=\"0px|3em|1.5em||false|false\" custom_padding_tablet=\"|2.2em||2.2em|false|false\" custom_padding_phone=\"|1.8em||1.8em|false|false\" custom_padding_last_edited=\"on|phone\" header_3_font_size_tablet=\"23px\" header_3_font_size_phone=\"21px\" header_3_font_size_last_edited=\"on|phone\" header_3_line_height_tablet=\"\" header_3_line_height_phone=\"1.1em\" header_3_line_height_last_edited=\"on|phone\" global_colors_info=\"{}\"]<\/p>\n<h3>Fonctionnement de l'activit\u00e9<\/h3>\n<ul>\n<li><strong>R\u00e9vision<\/strong> le module eLearning \"Refresh from Stress\". Cela ne vous prendra pas plus de 15 ou 20 minutes.<\/li>\n<li>A la fin du module eLearning, suivez les invites pour entrer votre <strong>nom et pr\u00e9nom<\/strong> et votre <strong>num\u00e9ro d'identification de l'employ\u00e9<\/strong>. Cliquez ensuite sur <strong>Soumettre<\/strong> pour obtenir un cr\u00e9dit pour cette activit\u00e9 et gagner votre <strong>$50<\/strong> incitation individuelle.<\/li>\n<\/ul>\n<p>[\/et_pb_text][et_pb_button button_url=&#8221;https:\/\/gpcwellnessworkshops.com\/slide-1\/&#8221; button_text=&#8221;Get Started&#8221; button_alignment=&#8221;right&#8221; button_alignment_tablet=&#8221;center&#8221; button_alignment_phone=&#8221;center&#8221; button_alignment_last_edited=&#8221;on|phone&#8221; _builder_version=&#8221;4.25.0&#8243; _module_preset=&#8221;default&#8221; custom_button=&#8221;on&#8221; button_text_size=&#8221;21px&#8221; button_text_color=&#8221;#FFFFFF&#8221; button_bg_color=&#8221;#000000&#8243; button_border_width=&#8221;0px&#8221; button_border_radius=&#8221;0px&#8221; button_letter_spacing=&#8221;0.6px&#8221; transform_skew=&#8221;-18deg|0deg&#8221; transform_skew_linked=&#8221;off&#8221; custom_margin=&#8221;|24px|-1px||false|false&#8221; custom_margin_tablet=&#8221;|0px|||false|false&#8221; custom_margin_phone=&#8221;|0px|||false|false&#8221; custom_margin_last_edited=&#8221;on|desktop&#8221; custom_padding=&#8221;3px|25px|4px|25px|false|true&#8221; custom_css_main_element=&#8221;font-family: %22classic-comic%22, sans-serif;||font-weight: 700;||font-style: normal;&#8221; global_colors_info=&#8221;{}&#8221; custom_padding__hover_enabled=&#8221;on|desktop&#8221; custom_padding__hover=&#8221;|39px|||true|false&#8221;][\/et_pb_button][\/et_pb_column][\/et_pb_row][\/et_pb_section]<\/p>","protected":false},"excerpt":{"rendered":"<p>Le stress rend la vie et le travail plus difficiles qu'ils ne devraient l'\u00eatre. Sur de longues p\u00e9riodes, il peut miner votre bien-\u00eatre et affecter de nombreux aspects de votre sant\u00e9. La bonne nouvelle, c'est que nous pouvons apprendre \u00e0 mieux g\u00e9rer le stress. Compl\u00e9tez ce module d'apprentissage en ligne Refresh From Stress d'ici le 28 juin et gagnez un [...]<\/p>","protected":false},"author":2,"featured_media":0,"parent":0,"menu_order":0,"comment_status":"closed","ping_status":"closed","template":"","meta":{"_et_pb_use_builder":"on","_et_pb_old_content":"","_et_gb_content_width":"","footnotes":""},"dipi_cpt_category":[],"class_list":["post-10","page","type-page","status-publish","hentry"],"featured_image_src":null,"featured_image_src_square":null,"_links":{"self":[{"href":"https:\/\/gpcwellnessworkshops.com\/fr\/wp-json\/wp\/v2\/pages\/10","targetHints":{"allow":["GET"]}}],"collection":[{"href":"https:\/\/gpcwellnessworkshops.com\/fr\/wp-json\/wp\/v2\/pages"}],"about":[{"href":"https:\/\/gpcwellnessworkshops.com\/fr\/wp-json\/wp\/v2\/types\/page"}],"author":[{"embeddable":true,"href":"https:\/\/gpcwellnessworkshops.com\/fr\/wp-json\/wp\/v2\/users\/2"}],"replies":[{"embeddable":true,"href":"https:\/\/gpcwellnessworkshops.com\/fr\/wp-json\/wp\/v2\/comments?post=10"}],"version-history":[{"count":0,"href":"https:\/\/gpcwellnessworkshops.com\/fr\/wp-json\/wp\/v2\/pages\/10\/revisions"}],"wp:attachment":[{"href":"https:\/\/gpcwellnessworkshops.com\/fr\/wp-json\/wp\/v2\/media?parent=10"}],"wp:term":[{"taxonomy":"dipi_cpt_category","embeddable":true,"href":"https:\/\/gpcwellnessworkshops.com\/fr\/wp-json\/wp\/v2\/dipi_cpt_category?post=10"}],"curies":[{"name":"wp","href":"https:\/\/api.w.org\/{rel}","templated":true}]}}